{"id":5814,"date":"2023-10-30T17:40:05","date_gmt":"2023-10-30T16:40:05","guid":{"rendered":"https:\/\/fastsales247.com\/?post_type=product&#038;p=5814"},"modified":"2023-10-30T18:16:06","modified_gmt":"2023-10-30T17:16:06","slug":"vimoq-4o","status":"publish","type":"product","link":"https:\/\/fastsales247.com\/index.php\/producto\/vimoq-4o\/","title":{"rendered":"VIMOQ P4O"},"content":{"rendered":"","protected":false},"excerpt":{"rendered":"<ul>\n<li>Pantalla: \u00a0IPS LCD de 6.5&#8243;<\/li>\n<li>Dise\u00f1o:<\/li>\n<li>C\u00e1mara: 16MP+8MP.<\/li>\n<li>Procesador: 8 n\u00facleos 1.9 GHz.<\/li>\n<li>RAM: 4GB<\/li>\n<li>ROM: 128GB<\/li>\n<li>Carga: \u00a06000 mAh.<\/li>\n<li>Bluetooth, Wi-Fi, GPS y otros sensores y caracter\u00edsticas de conectividad est\u00e1ndar en los tel\u00e9fonos inteligentes modernos.<\/li>\n<\/ul>\n<p>Misma familia de TECNO e Infinix<\/p>\n","protected":false},"featured_media":5815,"comment_status":"open","ping_status":"closed","template":"","meta":{"site-sidebar-layout":"default","site-content-layout":"","ast-site-content-layout":"default","site-content-style":"default","site-sidebar-style":"default","ast-global-header-display":"","ast-banner-title-visibility":"","ast-main-header-display":"","ast-hfb-above-header-display":"","ast-hfb-below-header-display":"","ast-hfb-mobile-header-display":"","site-post-title":"","ast-breadcrumbs-content":"","ast-featured-img":"","footer-sml-layout":"","theme-transparent-header-meta":"default","adv-header-id-meta":"","stick-header-meta":"","header-above-stick-meta":"","header-main-stick-meta":"","header-below-stick-meta":"","astra-migrate-meta-layouts":"set"},"product_cat":[28],"product_tag":[],"_links":{"self":[{"href":"https:\/\/fastsales247.com\/index.php\/wp-json\/wp\/v2\/product\/5814"}],"collection":[{"href":"https:\/\/fastsales247.com\/index.php\/wp-json\/wp\/v2\/product"}],"about":[{"href":"https:\/\/fastsales247.com\/index.php\/wp-json\/wp\/v2\/types\/product"}],"replies":[{"embeddable":true,"href":"https:\/\/fastsales247.com\/index.php\/wp-json\/wp\/v2\/comments?post=5814"}],"wp:featuredmedia":[{"embeddable":true,"href":"https:\/\/fastsales247.com\/index.php\/wp-json\/wp\/v2\/media\/5815"}],"wp:attachment":[{"href":"https:\/\/fastsales247.com\/index.php\/wp-json\/wp\/v2\/media?parent=5814"}],"wp:term":[{"taxonomy":"product_cat","embeddable":true,"href":"https:\/\/fastsales247.com\/index.php\/wp-json\/wp\/v2\/product_cat?post=5814"},{"taxonomy":"product_tag","embeddable":true,"href":"https:\/\/fastsales247.com\/index.php\/wp-json\/wp\/v2\/product_tag?post=5814"}],"curies":[{"name":"wp","href":"https:\/\/api.w.org\/{rel}","templated":true}]}}