{"id":5572,"date":"2023-10-18T19:20:28","date_gmt":"2023-10-18T17:20:28","guid":{"rendered":"https:\/\/fastsales247.com\/?post_type=product&#038;p=5572"},"modified":"2023-10-18T19:20:28","modified_gmt":"2023-10-18T17:20:28","slug":"kieslect-lora-2","status":"publish","type":"product","link":"https:\/\/fastsales247.com\/index.php\/producto\/kieslect-lora-2\/","title":{"rendered":"Kieslect Lora 2"},"content":{"rendered":"","protected":false},"excerpt":{"rendered":"<ul>\n<li><strong>Pantalla AMOLED de 1.3&#8243;, visual brillante y v\u00edvida en cualquier condici\u00f3n de iluminaci\u00f3n.<\/strong><\/li>\n<li><strong>Resistente al agua IP68.<\/strong><\/li>\n<li>Potente <strong>reproductor de m\u00fasica.<\/strong><\/li>\n<li><strong>M\u00e1s de 100 modos deportivos.<\/strong><\/li>\n<li>Notificaciones, contador de calor\u00edas, pulso card\u00edaco, monitoreo de sue\u00f1o.<\/li>\n<\/ul>\n<p>&nbsp;<\/p>\n","protected":false},"featured_media":5574,"comment_status":"open","ping_status":"closed","template":"","meta":{"site-sidebar-layout":"default","site-content-layout":"","ast-site-content-layout":"default","site-content-style":"default","site-sidebar-style":"default","ast-global-header-display":"","ast-banner-title-visibility":"","ast-main-header-display":"","ast-hfb-above-header-display":"","ast-hfb-below-header-display":"","ast-hfb-mobile-header-display":"","site-post-title":"","ast-breadcrumbs-content":"","ast-featured-img":"","footer-sml-layout":"","theme-transparent-header-meta":"default","adv-header-id-meta":"","stick-header-meta":"","header-above-stick-meta":"","header-main-stick-meta":"","header-below-stick-meta":"","astra-migrate-meta-layouts":"set"},"product_cat":[29],"product_tag":[],"_links":{"self":[{"href":"https:\/\/fastsales247.com\/index.php\/wp-json\/wp\/v2\/product\/5572"}],"collection":[{"href":"https:\/\/fastsales247.com\/index.php\/wp-json\/wp\/v2\/product"}],"about":[{"href":"https:\/\/fastsales247.com\/index.php\/wp-json\/wp\/v2\/types\/product"}],"replies":[{"embeddable":true,"href":"https:\/\/fastsales247.com\/index.php\/wp-json\/wp\/v2\/comments?post=5572"}],"wp:featuredmedia":[{"embeddable":true,"href":"https:\/\/fastsales247.com\/index.php\/wp-json\/wp\/v2\/media\/5574"}],"wp:attachment":[{"href":"https:\/\/fastsales247.com\/index.php\/wp-json\/wp\/v2\/media?parent=5572"}],"wp:term":[{"taxonomy":"product_cat","embeddable":true,"href":"https:\/\/fastsales247.com\/index.php\/wp-json\/wp\/v2\/product_cat?post=5572"},{"taxonomy":"product_tag","embeddable":true,"href":"https:\/\/fastsales247.com\/index.php\/wp-json\/wp\/v2\/product_tag?post=5572"}],"curies":[{"name":"wp","href":"https:\/\/api.w.org\/{rel}","templated":true}]}}