{"id":5565,"date":"2023-10-18T18:38:35","date_gmt":"2023-10-18T16:38:35","guid":{"rendered":"https:\/\/fastsales247.com\/?post_type=product&#038;p=5565"},"modified":"2023-10-18T18:42:57","modified_gmt":"2023-10-18T16:42:57","slug":"kieslect-ks-pro","status":"publish","type":"product","link":"https:\/\/fastsales247.com\/index.php\/producto\/kieslect-ks-pro\/","title":{"rendered":"Kieslect KS Pro"},"content":{"rendered":"","protected":false},"excerpt":{"rendered":"<ul>\n<li><strong>Pantalla AMOLED<\/strong> l\u00edder en su clase de 2.01&#8243;<\/li>\n<li><strong>Sistema operativo KIES OS 2.0.<\/strong><\/li>\n<li>Ritmo card\u00edaco, la respiraci\u00f3n, el nivel de estr\u00e9s y el an\u00e1lisis del sue\u00f1o.<\/li>\n<li><strong>M\u00e1s de 100 modos deportivos.<\/strong><\/li>\n<li><strong>Resistente al agua IP68.<\/strong><\/li>\n<li><strong>Experiencia de asistente de voz inteligente.<\/strong><\/li>\n<li>Juegos incorporados, pantalla dividida pr\u00e1ctica, respuestas de mensajes eficientes, funci\u00f3n de b\u00fasqueda para tu tel\u00e9fono\/reloj y notificaciones inteligentes,<\/li>\n<\/ul>\n","protected":false},"featured_media":5567,"comment_status":"open","ping_status":"closed","template":"","meta":{"site-sidebar-layout":"default","site-content-layout":"","ast-site-content-layout":"default","site-content-style":"default","site-sidebar-style":"default","ast-global-header-display":"","ast-banner-title-visibility":"","ast-main-header-display":"","ast-hfb-above-header-display":"","ast-hfb-below-header-display":"","ast-hfb-mobile-header-display":"","site-post-title":"","ast-breadcrumbs-content":"","ast-featured-img":"","footer-sml-layout":"","theme-transparent-header-meta":"default","adv-header-id-meta":"","stick-header-meta":"","header-above-stick-meta":"","header-main-stick-meta":"","header-below-stick-meta":"","astra-migrate-meta-layouts":"set"},"product_cat":[29],"product_tag":[],"_links":{"self":[{"href":"https:\/\/fastsales247.com\/index.php\/wp-json\/wp\/v2\/product\/5565"}],"collection":[{"href":"https:\/\/fastsales247.com\/index.php\/wp-json\/wp\/v2\/product"}],"about":[{"href":"https:\/\/fastsales247.com\/index.php\/wp-json\/wp\/v2\/types\/product"}],"replies":[{"embeddable":true,"href":"https:\/\/fastsales247.com\/index.php\/wp-json\/wp\/v2\/comments?post=5565"}],"wp:featuredmedia":[{"embeddable":true,"href":"https:\/\/fastsales247.com\/index.php\/wp-json\/wp\/v2\/media\/5567"}],"wp:attachment":[{"href":"https:\/\/fastsales247.com\/index.php\/wp-json\/wp\/v2\/media?parent=5565"}],"wp:term":[{"taxonomy":"product_cat","embeddable":true,"href":"https:\/\/fastsales247.com\/index.php\/wp-json\/wp\/v2\/product_cat?post=5565"},{"taxonomy":"product_tag","embeddable":true,"href":"https:\/\/fastsales247.com\/index.php\/wp-json\/wp\/v2\/product_tag?post=5565"}],"curies":[{"name":"wp","href":"https:\/\/api.w.org\/{rel}","templated":true}]}}