{"id":5561,"date":"2023-10-18T18:28:01","date_gmt":"2023-10-18T16:28:01","guid":{"rendered":"https:\/\/fastsales247.com\/?post_type=product&#038;p=5561"},"modified":"2024-10-27T00:29:29","modified_gmt":"2024-10-26T22:29:29","slug":"kieslect-ks-mini","status":"publish","type":"product","link":"https:\/\/fastsales247.com\/index.php\/producto\/kieslect-ks-mini\/","title":{"rendered":"Kieslect KS Mini"},"content":{"rendered":"","protected":false},"excerpt":{"rendered":"<ul>\n<li><strong>Pantalla AMOLED<\/strong> colorida de 1.78&#8243;.<\/li>\n<li>M\u00e9tricas y notificaciones.<\/li>\n<li><strong>Frecuencia card\u00edaca.<\/strong><\/li>\n<li><strong>Monitoreando tu calidad de sue\u00f1o.<\/strong><\/li>\n<li>\u00a0Incluye SpO2, sue\u00f1o, estr\u00e9s y estado de \u00e1nimo en tiempo real.<\/li>\n<li><strong>Bater\u00eda de hasta 7 d\u00edas<\/strong><\/li>\n<\/ul>\n","protected":false},"featured_media":5563,"comment_status":"open","ping_status":"closed","template":"","meta":{"site-sidebar-layout":"default","site-content-layout":"","ast-site-content-layout":"default","site-content-style":"default","site-sidebar-style":"default","ast-global-header-display":"","ast-banner-title-visibility":"","ast-main-header-display":"","ast-hfb-above-header-display":"","ast-hfb-below-header-display":"","ast-hfb-mobile-header-display":"","site-post-title":"","ast-breadcrumbs-content":"","ast-featured-img":"","footer-sml-layout":"","theme-transparent-header-meta":"default","adv-header-id-meta":"","stick-header-meta":"","header-above-stick-meta":"","header-main-stick-meta":"","header-below-stick-meta":"","astra-migrate-meta-layouts":"set"},"product_cat":[29],"product_tag":[],"_links":{"self":[{"href":"https:\/\/fastsales247.com\/index.php\/wp-json\/wp\/v2\/product\/5561"}],"collection":[{"href":"https:\/\/fastsales247.com\/index.php\/wp-json\/wp\/v2\/product"}],"about":[{"href":"https:\/\/fastsales247.com\/index.php\/wp-json\/wp\/v2\/types\/product"}],"replies":[{"embeddable":true,"href":"https:\/\/fastsales247.com\/index.php\/wp-json\/wp\/v2\/comments?post=5561"}],"wp:featuredmedia":[{"embeddable":true,"href":"https:\/\/fastsales247.com\/index.php\/wp-json\/wp\/v2\/media\/5563"}],"wp:attachment":[{"href":"https:\/\/fastsales247.com\/index.php\/wp-json\/wp\/v2\/media?parent=5561"}],"wp:term":[{"taxonomy":"product_cat","embeddable":true,"href":"https:\/\/fastsales247.com\/index.php\/wp-json\/wp\/v2\/product_cat?post=5561"},{"taxonomy":"product_tag","embeddable":true,"href":"https:\/\/fastsales247.com\/index.php\/wp-json\/wp\/v2\/product_tag?post=5561"}],"curies":[{"name":"wp","href":"https:\/\/api.w.org\/{rel}","templated":true}]}}