{"id":5557,"date":"2023-10-18T18:12:43","date_gmt":"2023-10-18T16:12:43","guid":{"rendered":"https:\/\/fastsales247.com\/?post_type=product&#038;p=5557"},"modified":"2023-10-18T18:12:43","modified_gmt":"2023-10-18T16:12:43","slug":"kieslect-ks","status":"publish","type":"product","link":"https:\/\/fastsales247.com\/index.php\/producto\/kieslect-ks\/","title":{"rendered":"Kieslect KS"},"content":{"rendered":"","protected":false},"excerpt":{"rendered":"<ul>\n<li><strong>100 modos deportivos<\/strong> .<\/li>\n<li><strong>Pantalla AMOLED<\/strong> colorida de 1.78&#8243;.<\/li>\n<li>\u00a0Podr\u00e1s controlar tus llamadas de voz.<\/li>\n<li><strong>Bluetooth 5.2<\/strong> estable, altavoces y micr\u00f3fono s\u00f3lidos.<\/li>\n<li><strong>Sensor de frecuencia card\u00edaca<\/strong> avanzado monitorea tu ritmo card\u00edaco las 24 horas.<\/li>\n<li><strong>Resistencia al agua IP68.<\/strong><\/li>\n<li>Bater\u00eda te durar\u00e1 <strong>hasta 7 d\u00edas.<\/strong><\/li>\n<\/ul>\n","protected":false},"featured_media":5560,"comment_status":"open","ping_status":"closed","template":"","meta":{"site-sidebar-layout":"default","site-content-layout":"","ast-site-content-layout":"default","site-content-style":"default","site-sidebar-style":"default","ast-global-header-display":"","ast-banner-title-visibility":"","ast-main-header-display":"","ast-hfb-above-header-display":"","ast-hfb-below-header-display":"","ast-hfb-mobile-header-display":"","site-post-title":"","ast-breadcrumbs-content":"","ast-featured-img":"","footer-sml-layout":"","theme-transparent-header-meta":"default","adv-header-id-meta":"","stick-header-meta":"","header-above-stick-meta":"","header-main-stick-meta":"","header-below-stick-meta":"","astra-migrate-meta-layouts":"set"},"product_cat":[29],"product_tag":[],"_links":{"self":[{"href":"https:\/\/fastsales247.com\/index.php\/wp-json\/wp\/v2\/product\/5557"}],"collection":[{"href":"https:\/\/fastsales247.com\/index.php\/wp-json\/wp\/v2\/product"}],"about":[{"href":"https:\/\/fastsales247.com\/index.php\/wp-json\/wp\/v2\/types\/product"}],"replies":[{"embeddable":true,"href":"https:\/\/fastsales247.com\/index.php\/wp-json\/wp\/v2\/comments?post=5557"}],"wp:featuredmedia":[{"embeddable":true,"href":"https:\/\/fastsales247.com\/index.php\/wp-json\/wp\/v2\/media\/5560"}],"wp:attachment":[{"href":"https:\/\/fastsales247.com\/index.php\/wp-json\/wp\/v2\/media?parent=5557"}],"wp:term":[{"taxonomy":"product_cat","embeddable":true,"href":"https:\/\/fastsales247.com\/index.php\/wp-json\/wp\/v2\/product_cat?post=5557"},{"taxonomy":"product_tag","embeddable":true,"href":"https:\/\/fastsales247.com\/index.php\/wp-json\/wp\/v2\/product_tag?post=5557"}],"curies":[{"name":"wp","href":"https:\/\/api.w.org\/{rel}","templated":true}]}}